{"id":375,"date":"2022-10-31T17:33:50","date_gmt":"2022-10-31T17:33:50","guid":{"rendered":"http:\/\/onbluenet.pt\/wp\/?page_id=375"},"modified":"2024-11-05T19:54:28","modified_gmt":"2024-11-05T19:54:28","slug":"about","status":"publish","type":"page","link":"https:\/\/onbluenet.pt\/wp\/about\/","title":{"rendered":"Sobre N\u00f3s"},"content":{"rendered":"<p style=\"text-align: left;\"><br \/><strong>Sobre N\u00f3s<\/strong><br \/><br \/><br \/><br \/>A ONBLUENET, \u00e9 uma empresa de engenharia, consultora e auditora de\u00a0 sistemas e economias para a sustentabilidade. Elabora para as organiza\u00e7\u00f5es planos, projetos e estudos para a descarboniza\u00e7\u00e3o, e economia circular. Atua tradicionalmente na gest\u00e3o de estudos e projetos, na gest\u00e3o da implementa\u00e7\u00e3o e manuten\u00e7\u00e3o t\u00e9cnica para edif\u00edcios e ind\u00fastria, nos dom\u00ednios p\u00fablico e privado.<br \/><br \/>Promove a transi\u00e7\u00e3o energ\u00e9tica e digital, a economia circular, a descarboniza\u00e7\u00e3o, a valoriza\u00e7\u00e3o dos ecossistemas, a economia verde, a sustentabilidade em todas as suas vertentes.<br \/><br \/>Tem compet\u00eancias especializadas nas \u00e1reas da gest\u00e3o e efici\u00eancia energ\u00e9tica, auditorias e gest\u00e3o de projetos integrados de engenharia com base na melhoria dos recursos energ\u00e9ticos e sustentabilidade ambiental. compet\u00eancias formais da aplica\u00e7\u00e3o das normas ISO 14.001; ISO 14.064; ISO 50.001; SGCIE, MOVE+, AQUA+, eCircular da CERTIF, ADENE, APA e DGGE.<br \/><br \/>T\u00eam compet\u00eancias e certifica\u00e7\u00f5es na coordena\u00e7\u00e3o e consultadoria de auditorias energ\u00e9ticas, h\u00eddricas, ambientais, elabora\u00e7\u00e3o de planos de sustentabilidade, de descarboniza\u00e7\u00e3o e candidaturas de financiamento a fundos nacionais e europeus. Desenvolve a\u00e7\u00f5es de sensibiliza\u00e7\u00e3o e forma\u00e7\u00e3o nas tem\u00e1ticas da sustentabilidade e sistemas de gest\u00e3o, efici\u00eancia energ\u00e9tica, ambiental e inova\u00e7\u00e3o.<br \/><br \/>A ONBLUENET estabelece parcerias de Consultoria nas \u00e1reas de \u201csustainable finance\u201d, ecologia e inova\u00e7\u00e3o. Compet\u00eancias especializada na prepara\u00e7\u00e3o de candidaturas a financiamento comunit\u00e1rio e nacional.<br \/><br \/>Consultadoria, estudos e auditorias de engenharia, gest\u00e3o da implementa\u00e7\u00e3o de tecnologias sustent\u00e1veis.<br \/><br \/><br \/><!-- \/wp:post-content -->\r\n\r\n<!-- wp:column --><\/p>\r\n<div class=\"wp-block-column\"><!-- wp:image {\"sizeSlug\":\"large\",\"linkDestination\":\"none\"} -->\r\n<figure class=\"wp-block-image size-large\"><\/figure>\r\n<p>&nbsp;<\/p>\r\n<!-- \/wp:image -->\r\n\r\n<!-- wp:paragraph {\"textColor\":\"black\",\"fontSize\":\"medium\"} -->\r\n<figure id=\"attachment_563\" aria-describedby=\"caption-attachment-563\" style=\"width: 2560px\" class=\"wp-caption aligncenter\"><img loading=\"lazy\" decoding=\"async\" class=\"wp-image-563 size-full\" src=\"http:\/\/onbluenet.pt\/wp\/wp-content\/uploads\/2024\/11\/scf-scaled.jpg\" alt=\"\" width=\"2560\" height=\"1440\" srcset=\"https:\/\/onbluenet.pt\/wp\/wp-content\/uploads\/2024\/11\/scf-scaled.jpg 2560w, https:\/\/onbluenet.pt\/wp\/wp-content\/uploads\/2024\/11\/scf-300x169.jpg 300w, https:\/\/onbluenet.pt\/wp\/wp-content\/uploads\/2024\/11\/scf-1024x576.jpg 1024w, https:\/\/onbluenet.pt\/wp\/wp-content\/uploads\/2024\/11\/scf-768x432.jpg 768w, https:\/\/onbluenet.pt\/wp\/wp-content\/uploads\/2024\/11\/scf-1536x864.jpg 1536w, https:\/\/onbluenet.pt\/wp\/wp-content\/uploads\/2024\/11\/scf-2048x1152.jpg 2048w, https:\/\/onbluenet.pt\/wp\/wp-content\/uploads\/2024\/11\/scf-2000x1125.jpg 2000w\" sizes=\"auto, (max-width: 2560px) 100vw, 2560px\" \/><figcaption id=\"caption-attachment-563\" class=\"wp-caption-text\">S\u00e9rgio Fonseca &#8211; Founder and CTO of Onbluenet<\/figcaption><\/figure>\r\n<!-- \/wp:paragraph --><\/div>\r\n<p style=\"text-align: left;\"><!-- \/wp:column -->\r\n\r\n<!-- wp:column --><\/p>\r\n<div class=\"wp-block-column\">\r\n<p>&nbsp;<\/p>\r\n<\/div>\r\n<div class=\"wp-block-cover alignfull\" style=\"min-height: 316px; padding: 50px;\">\r\n<div class=\"wp-block-cover__inner-container\">\r\n<div class=\"wp-block-columns are-vertically-aligned-center\">\r\n<div class=\"wp-block-column is-vertically-aligned-center\" style=\"padding: 20px 0px 20px 0px;\">\r\n<div class=\"wp-block-group\">\r\n<figure class=\"wp-block-image size-full\"><\/figure>\r\n<br \/><!-- \/wp:column --><\/div>\r\n<!-- \/wp:group --><\/div>\r\n<!-- \/wp:column --><\/div>\r\n<!-- \/wp:columns --><\/div>\r\n<\/div>\r\n<p style=\"text-align: left;\"><!-- \/wp:cover --><\/p>","protected":false},"excerpt":{"rendered":"<p>Sobre N\u00f3s A ONBLUENET, \u00e9 uma empresa de engenharia, consultora e auditora de\u00a0 sistemas e economias para a sustentabilidade. Elabora para as organiza\u00e7\u00f5es planos, projetos e estudos para a descarboniza\u00e7\u00e3o, e economia circular. Atua tradicionalmente na gest\u00e3o de estudos e projetos, na gest\u00e3o da implementa\u00e7\u00e3o e manuten\u00e7\u00e3o t\u00e9cnica para edif\u00edcios e ind\u00fastria, nos dom\u00ednios p\u00fablico &hellip; <\/p>\n<p class=\"link-more\"><a href=\"https:\/\/onbluenet.pt\/wp\/about\/\" class=\"more-link\">Read more<span class=\"screen-reader-text\"> &#8220;Sobre N\u00f3s&#8221;<\/span><\/a><\/p>\n","protected":false},"author":1,"featured_media":373,"parent":0,"menu_order":0,"comment_status":"closed","ping_status":"closed","template":"","meta":{"footnotes":""},"class_list":["post-375","page","type-page","status-publish","has-post-thumbnail","hentry"],"_links":{"self":[{"href":"https:\/\/onbluenet.pt\/wp\/wp-json\/wp\/v2\/pages\/375","targetHints":{"allow":["GET"]}}],"collection":[{"href":"https:\/\/onbluenet.pt\/wp\/wp-json\/wp\/v2\/pages"}],"about":[{"href":"https:\/\/onbluenet.pt\/wp\/wp-json\/wp\/v2\/types\/page"}],"author":[{"embeddable":true,"href":"https:\/\/onbluenet.pt\/wp\/wp-json\/wp\/v2\/users\/1"}],"replies":[{"embeddable":true,"href":"https:\/\/onbluenet.pt\/wp\/wp-json\/wp\/v2\/comments?post=375"}],"version-history":[{"count":26,"href":"https:\/\/onbluenet.pt\/wp\/wp-json\/wp\/v2\/pages\/375\/revisions"}],"predecessor-version":[{"id":565,"href":"https:\/\/onbluenet.pt\/wp\/wp-json\/wp\/v2\/pages\/375\/revisions\/565"}],"wp:featuredmedia":[{"embeddable":true,"href":"https:\/\/onbluenet.pt\/wp\/wp-json\/wp\/v2\/media\/373"}],"wp:attachment":[{"href":"https:\/\/onbluenet.pt\/wp\/wp-json\/wp\/v2\/media?parent=375"}],"curies":[{"name":"wp","href":"https:\/\/api.w.org\/{rel}","templated":true}]}}